{"id":3256,"date":"2018-03-13T08:58:08","date_gmt":"2018-03-13T07:58:08","guid":{"rendered":"https:\/\/www.freimaurerloge-neumuenster.de\/?page_id=3256"},"modified":"2026-02-28T07:28:36","modified_gmt":"2026-02-28T06:28:36","slug":"kontakt","status":"publish","type":"page","link":"https:\/\/www.freimaurerloge-neumuenster.de\/startseite\/kontakt\/","title":{"rendered":"Kontakt"},"content":{"rendered":"<div id='av_section_1'  class='avia-section av-ff1mxk-e1e7b51407c312642b85f86a0f16f7d1 main_color avia-section-default avia-no-shadow  avia-builder-el-0  el_before_av_textblock  avia-builder-el-first  avia-bg-style-scroll  container_wrap sidebar_right'  ><div class='container av-section-cont-open' ><main  role=\"main\" itemprop=\"mainContentOfPage\"  class='template-page content  av-content-small alpha units'><div class='post-entry post-entry-type-page post-entry-3256'><div class='entry-content-wrapper clearfix'>\n\n<style type=\"text\/css\" data-created_by=\"avia_inline_auto\" id=\"style-css-av-mm55e2jt-dc9cc3658f1ae2a47f1eb64d652377ab\">\n#top .av-special-heading.av-mm55e2jt-dc9cc3658f1ae2a47f1eb64d652377ab{\npadding-bottom:20px;\nfont-size:40px;\n}\n<\/style>\n<div  class='av-special-heading av-mm55e2jt-dc9cc3658f1ae2a47f1eb64d652377ab av-special-heading-h2 blockquote modern-quote  avia-builder-el-1  el_before_av_one_full  avia-builder-el-first  av-inherit-size '><h2 class='av-special-heading-tag '  itemprop=\"headline\"  >Kontakt<\/h2><div class='special-heading-border'><div class='special-heading-inner-border'><\/div><\/div><\/div>\n\n<style type=\"text\/css\" data-created_by=\"avia_inline_auto\" id=\"style-css-av-4n5360-201330243553c267a7195f3944cf73fb\">\n.flex_column.av-4n5360-201330243553c267a7195f3944cf73fb{\nborder-radius:0px 0px 0px 0px;\n-webkit-border-radius:0px 0px 0px 0px;\n-moz-border-radius:0px 0px 0px 0px;\n}\n<\/style>\n<div class='flex_column av-4n5360-201330243553c267a7195f3944cf73fb av_one_full  avia-builder-el-2  el_after_av_heading  avia-builder-el-last  first flex_column_div av-zero-column-padding '   ><section  class='av_textblock_section av-2luubc-6a251345b9699c2e86246271529ffddb '  itemscope=\"itemscope\" itemtype=\"https:\/\/schema.org\/CreativeWork\" ><div class='avia_textblock '  itemprop=\"text\" ><h3 data-path-to-node=\"11\">So erreichen Sie uns<\/h3>\n<p>Der Weg in die Freimaurerei beginnt immer mit dem eigenen Entschluss. Wenn Sie die Informationen auf unserer Website angesprochen haben, kommen Sie gerne mit uns ins Gespr\u00e4ch.<\/p>\n<p data-path-to-node=\"12\"><b data-path-to-node=\"12\" data-index-in-node=\"0\">Sekretariat:<\/b> <a class=\"ng-star-inserted\" href=\"mailto:kontakt@freimaurerloge-neumuenster.de\" target=\"_blank\" rel=\"noopener\" data-hveid=\"0\" data-ved=\"0CAAQ_4QMahgKEwjKhO3ulfqSAxUAAAAAHQAAAAAQ6QE\">kontakt@freimaurerloge-neumuenster.de<\/a><\/p>\n<p data-path-to-node=\"13\"><b data-path-to-node=\"13\" data-index-in-node=\"0\">Termine:<\/b> Anmeldungen zu Veranstaltungen erfolgen \u00fcber unseren <a href=\"https:\/\/www.freimaurerloge-neumuenster.de\/startseite\/termine\/\">Terminkalender<\/a>.<\/p>\n<p data-path-to-node=\"14\"><b data-path-to-node=\"14\" data-index-in-node=\"0\">Anschrift:<\/b> Johannis-Loge \u201eZur Brudertreue an der Schwale\u201c | Carlstra\u00dfe 63 | 24534 Neum\u00fcnster<\/p>\n<\/div><\/section><br \/>\n<div  class='hr av-bilp1k-24ee83833df8e9b834115a5ea44eafe5 hr-default  avia-builder-el-4  el_after_av_textblock  el_before_av_contact  '><span class='hr-inner '><span class=\"hr-inner-style\"><\/span><\/span><\/div><br \/>\n<form action=\"https:\/\/www.freimaurerloge-neumuenster.de\/startseite\/kontakt\/\" method=\"post\"  class=\"avia_ajax_form av-form-labels-visible   avia-builder-el-5  el_after_av_hr  el_before_av_hr   \" data-avia-form-id=\"1\" data-avia-redirect='' ><h3 class=''>Senden Sie uns eine Nachricht <\/h3><fieldset><p class='  first_form  form_element form_fullwidth' id='element_avia_1_1'><label for=\"avia_1_1\">Name <abbr class=\"required\" title=\"ben\u00f6tigt\">*<\/abbr><\/label> <input name=\"avia_1_1\" class=\"text_input is_empty\" type=\"text\" id=\"avia_1_1\" value=\"\" \/><\/p><p class='  first_form  form_element form_fullwidth' id='element_avia_2_1'><label for=\"avia_2_1\">E-Mail <abbr class=\"required\" title=\"ben\u00f6tigt\">*<\/abbr><\/label> <input name=\"avia_2_1\" class=\"text_input is_email\" type=\"text\" id=\"avia_2_1\" value=\"\" \/><\/p><p class='  first_form  form_element form_fullwidth' id='element_avia_3_1'><label for=\"avia_3_1\">Betreff <abbr class=\"required\" title=\"ben\u00f6tigt\">*<\/abbr><\/label> <input name=\"avia_3_1\" class=\"text_input is_empty\" type=\"text\" id=\"avia_3_1\" value=\"\" \/><\/p><p class='  first_form  form_element form_fullwidth' id='element_avia_4_1'><label for=\"avia_4_1\" class=\"textare_label hidden textare_label_avia_4_1\">Nachricht <abbr class=\"required\" title=\"ben\u00f6tigt\">*<\/abbr><\/label><textarea  name=\"avia_4_1\" class=\"text_area is_empty\" cols=\"40\" rows=\"7\" id=\"avia_4_1\" ><\/textarea><\/p><p class=\"hidden\"><input type=\"text\" name=\"avia_5_1\" class=\"hidden \" id=\"avia_5_1\" value=\"\" \/><\/p><p class='   form_element form_fullwidth' id='element_avia_6_1'><span class='value_verifier_label'>2 + 5 = ?<\/span><input name=\"avia_6_1_verifier\" type=\"hidden\" id=\"avia_6_1_verifier\" value=\"544572674\"\/><label for=\"avia_6_1\">Bitte l\u00f6se die Gleichung. Diese Ma\u00dfnahme dient der Abwehr von Spam <abbr class=\"required\" title=\"ben\u00f6tigt\">*<\/abbr><\/label><input name=\"avia_6_1\" class=\"text_input captcha\" type=\"text\" id=\"avia_6_1\" value=\"\"\/><\/p><p class=\"form_element \"><input type=\"hidden\" value=\"1\" name=\"avia_generated_form1\" \/><input type=\"submit\" value=\"Senden\" class=\"button\"  data-sending-label=\"Sende\"\/><\/p><\/fieldset><\/form><div id=\"ajaxresponse_1\" class=\"ajaxresponse ajaxresponse_1 hidden\"><\/div><br \/>\n<div  class='hr av-35hxk8-de9ed1bb3fa4cc11a83db3591b1b93ee hr-default  avia-builder-el-6  el_after_av_contact  el_before_av_textblock  '><span class='hr-inner '><span class=\"hr-inner-style\"><\/span><\/span><\/div><br \/>\n<section  class='av_textblock_section av-mm5hv8ft-5aba3b96361b4a52f6fc3605ad71aee8 '  itemscope=\"itemscope\" itemtype=\"https:\/\/schema.org\/CreativeWork\" ><div class='avia_textblock '  itemprop=\"text\" ><h3 data-path-to-node=\"3\">Gut zu wissen<\/h3>\n<ul data-path-to-node=\"4\">\n<li>\n<p data-path-to-node=\"4,0,0\"><b data-path-to-node=\"4,0,0\" data-index-in-node=\"0\">Die Arbeit am \u201erauen Stein\u201c:<\/b> Unser Bund steht M\u00e4nnern offen, die den aufrichtigen Wunsch haben, an sich selbst zu arbeiten. Wir pflegen den freien Austausch ohne Dogmen \u2013 jeder Bruder beh\u00e4lt seine eigene Meinung und Weltanschauung.<\/p>\n<\/li>\n<li>\n<p data-path-to-node=\"4,1,0\"><b data-path-to-node=\"4,1,0\" data-index-in-node=\"0\">Beitrag &amp; Rahmen:<\/b> Wir sind ein eingetragener Verein. Die monatlichen Kosten sind vergleichbar mit denen eines Fitnessstudios. Bei der Aufnahme in die jeweiligen Grade (1\u20133) fallen einmalige Geb\u00fchren an. Wir verstehen uns als <strong>Lebensbund<\/strong> &#8211; ein Austritt ist dennoch ohne H\u00fcrden m\u00f6glich.<\/p>\n<\/li>\n<li>\n<p data-path-to-node=\"4,2,0\"><b data-path-to-node=\"4,2,0\" data-index-in-node=\"0\">M\u00e4nnerbund &amp; Privatleben:<\/b> Wir schaffen bewusst einen gesch\u00fctzten Raum f\u00fcr vertrauliche Reflexion und pers\u00f6nliche Themen. Bei unseren \u00f6ffentlichen Veranstaltungen sind Partnerinnen, Partner, Familien und Freunde als fester Teil unserer Gemeinschaft herzlich willkommen.<\/p>\n<\/li>\n<\/ul>\n<\/div><\/section><\/p><\/div><\/div><\/div><\/main><!-- close content main element --><\/div><\/div><div id='after_section_1'  class='main_color av_default_container_wrap container_wrap sidebar_right'  ><div class='container av-section-cont-open' ><div class='template-page content  av-content-small alpha units'><div class='post-entry post-entry-type-page post-entry-3256'><div class='entry-content-wrapper clearfix'><section  class='av_textblock_section av-mm5ht7cv-15a340e0fe02c9e4fce014bbbbc924eb '  itemscope=\"itemscope\" itemtype=\"https:\/\/schema.org\/CreativeWork\" ><div class='avia_textblock '  itemprop=\"text\" ><\/div><\/section><\/p>\n","protected":false},"excerpt":{"rendered":"","protected":false},"author":1,"featured_media":0,"parent":0,"menu_order":0,"comment_status":"closed","ping_status":"closed","template":"","meta":{"footnotes":""},"class_list":["post-3256","page","type-page","status-publish","hentry"],"_links":{"self":[{"href":"https:\/\/www.freimaurerloge-neumuenster.de\/startseite\/wp-json\/wp\/v2\/pages\/3256","targetHints":{"allow":["GET"]}}],"collection":[{"href":"https:\/\/www.freimaurerloge-neumuenster.de\/startseite\/wp-json\/wp\/v2\/pages"}],"about":[{"href":"https:\/\/www.freimaurerloge-neumuenster.de\/startseite\/wp-json\/wp\/v2\/types\/page"}],"author":[{"embeddable":true,"href":"https:\/\/www.freimaurerloge-neumuenster.de\/startseite\/wp-json\/wp\/v2\/users\/1"}],"replies":[{"embeddable":true,"href":"https:\/\/www.freimaurerloge-neumuenster.de\/startseite\/wp-json\/wp\/v2\/comments?post=3256"}],"version-history":[{"count":53,"href":"https:\/\/www.freimaurerloge-neumuenster.de\/startseite\/wp-json\/wp\/v2\/pages\/3256\/revisions"}],"predecessor-version":[{"id":4684,"href":"https:\/\/www.freimaurerloge-neumuenster.de\/startseite\/wp-json\/wp\/v2\/pages\/3256\/revisions\/4684"}],"wp:attachment":[{"href":"https:\/\/www.freimaurerloge-neumuenster.de\/startseite\/wp-json\/wp\/v2\/media?parent=3256"}],"curies":[{"name":"wp","href":"https:\/\/api.w.org\/{rel}","templated":true}]}}